{"id":30,"date":"2015-01-14T16:03:09","date_gmt":"2015-01-14T14:03:09","guid":{"rendered":"http:\/\/www.hofapotheke-bueckeburg.de\/page\/?page_id=30"},"modified":"2026-02-20T13:45:15","modified_gmt":"2026-02-20T12:45:15","slug":"impressum","status":"publish","type":"page","link":"https:\/\/www.hofapotheke-bueckeburg.de\/page\/impressum\/","title":{"rendered":"Impressum"},"content":{"rendered":"\t\t<div data-elementor-type=\"wp-page\" data-elementor-id=\"30\" class=\"elementor elementor-30\" data-elementor-post-type=\"page\">\n\t\t\t\t<div class=\"elementor-element elementor-element-5a4c943c e-flex e-con-boxed e-con e-parent\" data-id=\"5a4c943c\" data-element_type=\"container\" data-e-type=\"container\">\n\t\t\t\t\t<div class=\"e-con-inner\">\n\t\t\t\t<div class=\"elementor-element elementor-element-59d6233f elementor-widget elementor-widget-text-editor\" data-id=\"59d6233f\" data-element_type=\"widget\" data-e-type=\"widget\" data-widget_type=\"text-editor.default\">\n\t\t\t\t\t\t\t\t\t<div class=\"impressum-datenschutz\">\n    <h2>Impressum<\/h2>\n    <p>\n        <strong>Hofapotheke-B\u00fcckeburg<\/strong><br><br>\n        <strong>Verantwortlich gem\u00e4\u00df \u00a7 5 DDG und \u00a7 18 MStV:<\/strong><br>\n        P\u00e4chterin: Jennifer Mohme-Xhata<br>\n        Marktplatz 5<br>\n        31675 B\u00fcckeburg\n    <\/p>\n    \n    <p>\n        Tel.: 05722 \/ 810 99 88<br>\n        Internet: <a href=\"http:\/\/www.hofapotheke-bueckeburg.de\" target=\"_blank\" rel=\"noopener noreferrer\">www.hofapotheke-bueckeburg.de<\/a><br>\n        E-Mail: <a href=\"mailto:info@hofapotheke-bueckeburg.de\">info@hofapotheke-bueckeburg.de<\/a>\n    <\/p>\n    \n    <p>\n        Steuernr. 44\/150\/05593<br>\n        Finanzamt Stadthagen\n    <\/p>\n    <br>\n    <hr>    \n    <br>\n\n    <h2>Datenschutzerkl\u00e4rung<\/h2>\n    \n    <h3>1. Datenschutz auf einen Blick<\/h3>\n    <p>Wir nehmen den Schutz Ihrer pers\u00f6nlichen Daten sehr ernst. Wir behandeln Ihre personenbezogenen Daten vertraulich und entsprechend der gesetzlichen Datenschutzvorschriften (DSGVO) sowie dieser Datenschutzerkl\u00e4rung.<\/p>\n\n    <h3>2. Verantwortliche Stelle<\/h3>\n    <p>Die verantwortliche Stelle f\u00fcr die Datenverarbeitung auf dieser Website ist die im Impressum oben genannte P\u00e4chterin.<\/p>\n\n    <h3>3. Datenerfassung auf dieser Website<\/h3>\n    <p><strong>Server-Log-Dateien:<\/strong> Der Provider der Seiten erhebt und speichert automatisch Informationen in so genannten Server-Log-Dateien, die Ihr Browser automatisch an uns \u00fcbermittelt (z. B. Browsertyp, Betriebssystem, Referrer URL, Uhrzeit der Serveranfrage, IP-Adresse). Eine Zusammenf\u00fchrung dieser Daten mit anderen Datenquellen wird nicht vorgenommen. Grundlage der Datenverarbeitung bildet Art. 6 Abs. 1 lit. f DSGVO.<\/p>\n    \n    <p><strong>Kontaktanfragen (E-Mail oder Telefon):<\/strong> Wenn Sie uns per E-Mail oder Telefon kontaktieren, wird Ihre Anfrage inklusive aller daraus hervorgehenden personenbezogenen Daten (Name, Anfrage) zum Zwecke der Bearbeitung Ihres Anliegens bei uns gespeichert und verarbeitet. Diese Daten geben wir nicht ohne Ihre Einwilligung weiter. Grundlage ist Art. 6 Abs. 1 lit. b DSGVO.<\/p>\n\n    <p><strong>Google Maps:<\/strong> Diese Seite nutzt \u00fcber eine API bzw. ein Plugin den Kartendienst Google Maps. Anbieter ist die Google Ireland Limited (&#8222;Google&#8220;), Gordon House, Barrow Street, Dublin 4, Irland. Zur Nutzung der Funktionen von Google Maps ist es notwendig, Ihre IP Adresse zu speichern. Diese Informationen werden in der Regel an einen Server von Google in den USA \u00fcbertragen und dort gespeichert. Der Anbieter dieser Seite hat keinen Einfluss auf diese Daten\u00fcbertragung. Die Nutzung von Google Maps erfolgt im Interesse einer ansprechenden Darstellung unserer Online-Angebote und an einer leichten Auffindbarkeit der von uns auf der Website angegebenen Orte. Dies stellt ein berechtigtes Interesse im Sinne von Art. 6 Abs. 1 lit. f DSGVO dar. Sofern eine entsprechende Einwilligung abgefragt wurde, erfolgt die Verarbeitung ausschlie\u00dflich auf Grundlage von Art. 6 Abs. 1 lit. a DSGVO; die Einwilligung ist jederzeit widerrufbar. Mehr Informationen zum Umgang mit Nutzerdaten finden Sie in der Datenschutzerkl\u00e4rung von Google: <a href=\"https:\/\/policies.google.com\/privacy\" target=\"_blank\" rel=\"noopener noreferrer\">https:\/\/policies.google.com\/privacy<\/a>.<\/p>\n\n    <h3>4. Ihre Rechte<\/h3>\n    <p>Sie haben jederzeit das Recht, unentgeltlich Auskunft \u00fcber Herkunft, Empf\u00e4nger und Zweck Ihrer gespeicherten personenbezogenen Daten zu erhalten. Sie haben au\u00dferdem ein Recht, die Berichtigung, Sperrung oder L\u00f6schung dieser Daten zu verlangen. Hierzu sowie zu weiteren Fragen zum Thema Datenschutz k\u00f6nnen Sie sich jederzeit unter der im Impressum angegebenen Adresse an uns wenden.<\/p>\n    <br>\n    <hr>\n    <br>\n\n    <h2>Rechtliche Hinweise<\/h2>\n\n    <h3>Haftungsausschluss<\/h3>\n    <p>Diese Website wurde mit gr\u00f6\u00dftm\u00f6glicher Sorgfalt zusammengestellt. Trotzdem kann ich f\u00fcr die Fehlerfreiheit und Genauigkeit der enthaltenen Informationen nicht garantieren. Ich schlie\u00dfe jegliche Haftung f\u00fcr Sch\u00e4den, die direkt oder indirekt aus der Benutzung dieser Website entstehen aus, soweit diese nicht auf Vorsatz oder grober Fahrl\u00e4ssigkeit von mir beruhen.<\/p>\n\n    <h3>Externe Verweise und Links<\/h3>\n    <p>Trotz sorgf\u00e4ltiger inhaltlicher Kontrolle \u00fcbernehme ich keine Haftung f\u00fcr die Inhalte externer Links. F\u00fcr den Inhalt der verlinkten Seiten sind ausschlie\u00dflich deren Betreiber verantwortlich.<\/p>\n<\/div>\t\t\t\t\t\t\t\t<\/div>\n\t\t\t\t\t<\/div>\n\t\t\t\t<\/div>\n\t\t\t\t<\/div>\n\t\t","protected":false},"excerpt":{"rendered":"<p>Impressum Hofapotheke-B\u00fcckeburg Verantwortlich gem\u00e4\u00df \u00a7 5 DDG und \u00a7 18 MStV: P\u00e4chterin: Jennifer Mohme-Xhata Marktplatz 5 31675 B\u00fcckeburg Tel.: 05722 \/ 810 99 88 Internet: www.hofapotheke-bueckeburg.de E-Mail: info@hofapotheke-bueckeburg.de Steuernr. 44\/150\/05593 Finanzamt Stadthagen Datenschutzerkl\u00e4rung 1. Datenschutz auf einen Blick Wir nehmen den Schutz Ihrer pers\u00f6nlichen Daten sehr ernst. Wir behandeln Ihre personenbezogenen Daten vertraulich und entsprechend [&hellip;]<\/p>\n","protected":false},"author":3,"featured_media":205,"parent":0,"menu_order":10,"comment_status":"closed","ping_status":"closed","template":"","meta":{"footnotes":""},"class_list":["post-30","page","type-page","status-publish","has-post-thumbnail","hentry"],"_links":{"self":[{"href":"https:\/\/www.hofapotheke-bueckeburg.de\/page\/wp-json\/wp\/v2\/pages\/30","targetHints":{"allow":["GET"]}}],"collection":[{"href":"https:\/\/www.hofapotheke-bueckeburg.de\/page\/wp-json\/wp\/v2\/pages"}],"about":[{"href":"https:\/\/www.hofapotheke-bueckeburg.de\/page\/wp-json\/wp\/v2\/types\/page"}],"author":[{"embeddable":true,"href":"https:\/\/www.hofapotheke-bueckeburg.de\/page\/wp-json\/wp\/v2\/users\/3"}],"replies":[{"embeddable":true,"href":"https:\/\/www.hofapotheke-bueckeburg.de\/page\/wp-json\/wp\/v2\/comments?post=30"}],"version-history":[{"count":23,"href":"https:\/\/www.hofapotheke-bueckeburg.de\/page\/wp-json\/wp\/v2\/pages\/30\/revisions"}],"predecessor-version":[{"id":2211,"href":"https:\/\/www.hofapotheke-bueckeburg.de\/page\/wp-json\/wp\/v2\/pages\/30\/revisions\/2211"}],"wp:featuredmedia":[{"embeddable":true,"href":"https:\/\/www.hofapotheke-bueckeburg.de\/page\/wp-json\/wp\/v2\/media\/205"}],"wp:attachment":[{"href":"https:\/\/www.hofapotheke-bueckeburg.de\/page\/wp-json\/wp\/v2\/media?parent=30"}],"curies":[{"name":"wp","href":"https:\/\/api.w.org\/{rel}","templated":true}]}}